{"id":988,"date":"2024-06-26T13:49:17","date_gmt":"2024-06-26T11:49:17","guid":{"rendered":"https:\/\/ferrocam.becomdemo5.com\/azienda\/"},"modified":"2024-07-29T15:09:48","modified_gmt":"2024-07-29T13:09:48","slug":"azienda","status":"publish","type":"page","link":"https:\/\/ferrocam.becomdemo5.com\/es\/azienda\/","title":{"rendered":"Empresa"},"content":{"rendered":"\n<h2 class=\"wp-block-heading\">HISTORIA Y EVOLUCI\u00d3N DE LA EMPRESA<\/h2>\n\n\n\n<p><strong><span style=\"color: #FC4129;\">F<\/span>ERROCAM<\/strong>\n ejerce su propia actividad en naves y oficinas de propiedad. Todo el sitio productivo se extiende sobre una superficie de 9.000 m<sup>2<\/sup>, de los cuales 6.400 cubiertos.<\/p>\n\n\n\n<p>El Sr. Bandini Gabriele fue el Fundador y ocup\u00f3 el cargo de Director \u00danico durante 56 a\u00f1os.<\/p>\n\n\n\n<p>La empresa naci\u00f3 en 1962 como oficina de forja y moldeo en caliente y fue equipada en los a\u00f1os sucesivos para los trabajos de carpinter\u00eda. Hoy la empresa est\u00e1 especializada en proyectos y realizaciones de instalaciones mec\u00e1nicas industriales, m\u00e1quinas especiales y herramientas de levantamiento.&nbsp;<\/p>\n\n\n\n<p>El \u00e1mbito de inter\u00e9s es principalmente la industria sider\u00fargica.<\/p>\n\n\n\n<p>Los suministros y servicios est\u00e1n destinados a Clientes internacionales de alto nivel con importantes trabajos tambi\u00e9n con f\u00f3rmula \u201cllaves en mano\u201d.<\/p>\n\n\n\n<p>En 2014 fueron construidas las nuevas y modern\u00edsimas oficinas con atestado de eficiencia energ\u00e9tica de Clase A y en 2024 parte de la f\u00e1brica de los or\u00edgenes ha sido reemplazada con nuevas naves equipadas con una capacidad de levantamiento de 30 t.<\/p>\n\n\n\n<p>Desde 2024 el nuevo plano societario est\u00e1 constituido por dos empresas: <strong><span style=\"color: #FC4129;\">F<\/span>ERROCAM SRL<\/strong>, operativa, y <strong><span style=\"color: #FC4129;\">F<\/span>ERROCAM COSTRUZIONI SRL<\/strong>, inmobiliaria, ambas administradas por el Ing. Umberto Bandini.<\/p>\n\n\n\n<h3 class=\"wp-block-heading\"><strong>LOS OR\u00cdGENES<\/strong><\/h3>\n\n\n\n<figure class=\"wp-block-gallery has-nested-images columns-default is-cropped wp-block-gallery-1 is-layout-flex wp-block-gallery-is-layout-flex\">\n<figure class=\"wp-block-image size-full\"><img loading=\"lazy\" decoding=\"async\" width=\"800\" height=\"600\" data-id=\"756\" src=\"https:\/\/ferrocam.becomdemo5.com\/wp-content\/uploads\/2024\/07\/01-4.jpg\" alt=\"\" class=\"wp-image-756\" srcset=\"https:\/\/ferrocam.becomdemo5.com\/wp-content\/uploads\/2024\/07\/01-4.jpg 800w, https:\/\/ferrocam.becomdemo5.com\/wp-content\/uploads\/2024\/07\/01-4-300x225.jpg 300w, https:\/\/ferrocam.becomdemo5.com\/wp-content\/uploads\/2024\/07\/01-4-768x576.jpg 768w\" sizes=\"(max-width: 800px) 100vw, 800px\" \/><\/figure>\n\n\n\n<figure class=\"wp-block-image size-full\"><img loading=\"lazy\" decoding=\"async\" width=\"800\" height=\"600\" data-id=\"753\" src=\"https:\/\/ferrocam.becomdemo5.com\/wp-content\/uploads\/2024\/07\/02-2.jpg\" alt=\"\" class=\"wp-image-753\" srcset=\"https:\/\/ferrocam.becomdemo5.com\/wp-content\/uploads\/2024\/07\/02-2.jpg 800w, https:\/\/ferrocam.becomdemo5.com\/wp-content\/uploads\/2024\/07\/02-2-300x225.jpg 300w, https:\/\/ferrocam.becomdemo5.com\/wp-content\/uploads\/2024\/07\/02-2-768x576.jpg 768w\" sizes=\"(max-width: 800px) 100vw, 800px\" \/><\/figure>\n\n\n\n<figure class=\"wp-block-image size-full\"><img loading=\"lazy\" decoding=\"async\" width=\"800\" height=\"451\" data-id=\"750\" src=\"https:\/\/ferrocam.becomdemo5.com\/wp-content\/uploads\/2024\/07\/03-2.jpg\" alt=\"\" class=\"wp-image-750\" srcset=\"https:\/\/ferrocam.becomdemo5.com\/wp-content\/uploads\/2024\/07\/03-2.jpg 800w, https:\/\/ferrocam.becomdemo5.com\/wp-content\/uploads\/2024\/07\/03-2-300x169.jpg 300w, https:\/\/ferrocam.becomdemo5.com\/wp-content\/uploads\/2024\/07\/03-2-768x433.jpg 768w\" sizes=\"(max-width: 800px) 100vw, 800px\" \/><\/figure>\n<\/figure>\n\n\n\n<p><\/p>\n\n\n\n<h3 class=\"wp-block-heading\"><strong>POL\u00cdTICA DE CALIDAD<\/strong><\/h3>\n\n\n\n<figure class=\"wp-block-gallery has-nested-images columns-default is-cropped wp-block-gallery-2 is-layout-flex wp-block-gallery-is-layout-flex\">\n<figure class=\"wp-block-image size-full\"><img loading=\"lazy\" decoding=\"async\" width=\"800\" height=\"534\" data-id=\"747\" src=\"https:\/\/ferrocam.becomdemo5.com\/wp-content\/uploads\/2024\/07\/04-1.jpg\" alt=\"\" class=\"wp-image-747\" srcset=\"https:\/\/ferrocam.becomdemo5.com\/wp-content\/uploads\/2024\/07\/04-1.jpg 800w, https:\/\/ferrocam.becomdemo5.com\/wp-content\/uploads\/2024\/07\/04-1-300x200.jpg 300w, https:\/\/ferrocam.becomdemo5.com\/wp-content\/uploads\/2024\/07\/04-1-768x513.jpg 768w\" sizes=\"(max-width: 800px) 100vw, 800px\" \/><\/figure>\n\n\n\n<figure class=\"wp-block-image size-large\"><img loading=\"lazy\" decoding=\"async\" width=\"800\" height=\"533\" data-id=\"744\" src=\"https:\/\/ferrocam.becomdemo5.com\/wp-content\/uploads\/2024\/07\/05-2.jpg\" alt=\"\" class=\"wp-image-744\" srcset=\"https:\/\/ferrocam.becomdemo5.com\/wp-content\/uploads\/2024\/07\/05-2.jpg 800w, https:\/\/ferrocam.becomdemo5.com\/wp-content\/uploads\/2024\/07\/05-2-300x200.jpg 300w, https:\/\/ferrocam.becomdemo5.com\/wp-content\/uploads\/2024\/07\/05-2-768x512.jpg 768w\" sizes=\"(max-width: 800px) 100vw, 800px\" \/><\/figure>\n\n\n\n<figure class=\"wp-block-image size-large\"><img loading=\"lazy\" decoding=\"async\" width=\"800\" height=\"600\" data-id=\"741\" src=\"https:\/\/ferrocam.becomdemo5.com\/wp-content\/uploads\/2024\/07\/06.jpg\" alt=\"\" class=\"wp-image-741\" srcset=\"https:\/\/ferrocam.becomdemo5.com\/wp-content\/uploads\/2024\/07\/06.jpg 800w, https:\/\/ferrocam.becomdemo5.com\/wp-content\/uploads\/2024\/07\/06-300x225.jpg 300w, https:\/\/ferrocam.becomdemo5.com\/wp-content\/uploads\/2024\/07\/06-768x576.jpg 768w\" sizes=\"(max-width: 800px) 100vw, 800px\" \/><\/figure>\n\n\n\n<figure class=\"wp-block-image size-large\"><img loading=\"lazy\" decoding=\"async\" width=\"800\" height=\"533\" data-id=\"738\" src=\"https:\/\/ferrocam.becomdemo5.com\/wp-content\/uploads\/2024\/07\/07.jpg\" alt=\"\" class=\"wp-image-738\" srcset=\"https:\/\/ferrocam.becomdemo5.com\/wp-content\/uploads\/2024\/07\/07.jpg 800w, https:\/\/ferrocam.becomdemo5.com\/wp-content\/uploads\/2024\/07\/07-300x200.jpg 300w, https:\/\/ferrocam.becomdemo5.com\/wp-content\/uploads\/2024\/07\/07-768x512.jpg 768w\" sizes=\"(max-width: 800px) 100vw, 800px\" \/><\/figure>\n\n\n\n<figure class=\"wp-block-image size-full\"><img loading=\"lazy\" decoding=\"async\" width=\"433\" height=\"600\" data-id=\"735\" src=\"https:\/\/ferrocam.becomdemo5.com\/wp-content\/uploads\/2024\/07\/08-1.jpg\" alt=\"\" class=\"wp-image-735\" srcset=\"https:\/\/ferrocam.becomdemo5.com\/wp-content\/uploads\/2024\/07\/08-1.jpg 433w, https:\/\/ferrocam.becomdemo5.com\/wp-content\/uploads\/2024\/07\/08-1-217x300.jpg 217w\" sizes=\"(max-width: 433px) 100vw, 433px\" \/><\/figure>\n\n\n\n<figure class=\"wp-block-image size-full\"><img loading=\"lazy\" decoding=\"async\" width=\"800\" height=\"600\" data-id=\"732\" src=\"https:\/\/ferrocam.becomdemo5.com\/wp-content\/uploads\/2024\/07\/09.jpg\" alt=\"\" class=\"wp-image-732\" srcset=\"https:\/\/ferrocam.becomdemo5.com\/wp-content\/uploads\/2024\/07\/09.jpg 800w, https:\/\/ferrocam.becomdemo5.com\/wp-content\/uploads\/2024\/07\/09-300x225.jpg 300w, https:\/\/ferrocam.becomdemo5.com\/wp-content\/uploads\/2024\/07\/09-768x576.jpg 768w\" sizes=\"(max-width: 800px) 100vw, 800px\" \/><\/figure>\n<\/figure>\n","protected":false},"excerpt":{"rendered":"<p>HISTORIA Y EVOLUCI\u00d3N DE LA EMPRESA FERROCAM ejerce su propia actividad en naves y oficinas de propiedad. Todo el sitio productivo se extiende sobre una superficie de 9.000 m2, de los cuales 6.400 cubiertos. El Sr. Bandini Gabriele fue el Fundador y ocup\u00f3 el cargo de Director \u00danico durante 56 a\u00f1os. La empresa naci\u00f3 en [&hellip;]<\/p>\n","protected":false},"author":1,"featured_media":147,"parent":0,"menu_order":0,"comment_status":"closed","ping_status":"closed","template":"","meta":{"_acf_changed":false,"footnotes":""},"class_list":["post-988","page","type-page","status-publish","has-post-thumbnail","hentry"],"acf":[],"_links":{"self":[{"href":"https:\/\/ferrocam.becomdemo5.com\/es\/wp-json\/wp\/v2\/pages\/988"}],"collection":[{"href":"https:\/\/ferrocam.becomdemo5.com\/es\/wp-json\/wp\/v2\/pages"}],"about":[{"href":"https:\/\/ferrocam.becomdemo5.com\/es\/wp-json\/wp\/v2\/types\/page"}],"author":[{"embeddable":true,"href":"https:\/\/ferrocam.becomdemo5.com\/es\/wp-json\/wp\/v2\/users\/1"}],"replies":[{"embeddable":true,"href":"https:\/\/ferrocam.becomdemo5.com\/es\/wp-json\/wp\/v2\/comments?post=988"}],"version-history":[{"count":4,"href":"https:\/\/ferrocam.becomdemo5.com\/es\/wp-json\/wp\/v2\/pages\/988\/revisions"}],"predecessor-version":[{"id":1200,"href":"https:\/\/ferrocam.becomdemo5.com\/es\/wp-json\/wp\/v2\/pages\/988\/revisions\/1200"}],"wp:featuredmedia":[{"embeddable":true,"href":"https:\/\/ferrocam.becomdemo5.com\/es\/wp-json\/wp\/v2\/media\/147"}],"wp:attachment":[{"href":"https:\/\/ferrocam.becomdemo5.com\/es\/wp-json\/wp\/v2\/media?parent=988"}],"curies":[{"name":"wp","href":"https:\/\/api.w.org\/{rel}","templated":true}]}}